{"id":1183,"date":"2025-09-09T11:48:16","date_gmt":"2025-09-09T11:48:16","guid":{"rendered":"https:\/\/vakarunamai.lt\/?page_id=1183"},"modified":"2025-09-21T12:32:47","modified_gmt":"2025-09-21T12:32:47","slug":"va3","status":"publish","type":"page","link":"https:\/\/vakarunamai.lt\/?page_id=1183","title":{"rendered":"va3"},"content":{"rendered":"\t\t<div data-elementor-type=\"wp-page\" data-elementor-id=\"1183\" class=\"elementor elementor-1183\" data-elementor-post-type=\"page\">\n\t\t\t\t<div class=\"elementor-element elementor-element-019261c e-flex e-con-boxed wpr-particle-no wpr-jarallax-no wpr-parallax-no wpr-sticky-section-no e-con e-parent\" data-id=\"019261c\" data-element_type=\"container\">\n\t\t\t\t\t<div class=\"e-con-inner\">\n\t\t<div class=\"elementor-element elementor-element-218eeeb e-con-full e-flex wpr-particle-no wpr-jarallax-no wpr-parallax-no wpr-sticky-section-no e-con e-child\" data-id=\"218eeeb\" data-element_type=\"container\">\n\t\t\t\t<div class=\"elementor-element elementor-element-a5978dc elementor-icon-list--layout-traditional elementor-list-item-link-full_width elementor-widget elementor-widget-icon-list\" data-id=\"a5978dc\" data-element_type=\"widget\" data-widget_type=\"icon-list.default\">\n\t\t\t\t\t\t\t<ul class=\"elementor-icon-list-items\">\n\t\t\t\t\t\t\t<li class=\"elementor-icon-list-item\">\n\t\t\t\t\t\t\t\t\t\t\t<a href=\"https:\/\/vakarunamai.lt\/\">\n\n\t\t\t\t\t\t\t\t\t\t\t<span class=\"elementor-icon-list-text\">\u25c4 Gr\u012f\u017eti \u012f pagrindin\u012f puslap\u012f<\/span>\n\t\t\t\t\t\t\t\t\t\t\t<\/a>\n\t\t\t\t\t\t\t\t\t<\/li>\n\t\t\t\t\t\t<\/ul>\n\t\t\t\t\t\t<\/div>\n\t\t\t\t<div class=\"elementor-element elementor-element-0fd66c5 elementor-widget elementor-widget-html\" data-id=\"0fd66c5\" data-element_type=\"widget\" data-widget_type=\"html.default\">\n\t\t\t\t\t<!DOCTYPE html>\r\n<html lang=\"lt\">\r\n<head>\r\n<meta charset=\"UTF-8\" \/>\r\n<meta name=\"viewport\" content=\"width=device-width, initial-scale=1\" \/>\r\n<title>Bendra informacija \u2013 Namas 3<\/title>\r\n<style>\r\n:root{\r\n  --bg:#f4f4f4; \r\n  --card:#fff; \r\n  --ink:#000; \r\n  --muted:#000; \r\n  --border:#d1d5db; \r\n}\r\n*{box-sizing:border-box;margin:0;padding:0}\r\nbody{\r\n  margin:0; \r\n  background:var(--bg); \r\n  color:var(--ink); \r\n  font:14px\/1.4 \"Segoe UI\", Roboto, Helvetica, Arial, sans-serif;\r\n}\r\n.wrap{ max-width:520px; margin:16px auto; padding:0 8px; }\r\n.card{ background:var(--card); border:1px solid #cfcfcf; border-radius:4px; box-shadow:0 2px 8px rgba(0,0,0,.12); overflow:hidden;}\r\n.topbar{ padding:8px 10px; border-bottom:1px solid #bdbdbd; background:#fff; }\r\n.topbar h2{\r\n  margin: 0;\r\n  font-size: 16px;\r\n  font-weight: normal;\r\n  color: #000;\r\n  font-family: 'Poppins', sans-serif; \r\n  letter-spacing: 0.5px;\r\n}\r\n.subbar{ padding:6px 10px; border-bottom:1px solid #bdbdbd; background:#f9f9f9; font-size:13px; color:#000; font-weight:700; }\r\n.table-wrap{ padding:0 6px 6px; }\r\ntable{ width:100%; border-collapse:collapse; font-size:13px; color:#000; }\r\nthead th, tbody td{\r\n  border:1px solid #aaa; \r\n  padding:3px 5px;\r\n  line-height:1.2;\r\n  text-align:left;\r\n}\r\nthead th{ background:#f2f2f2; font-weight:600; color:#000; }\r\ntbody tr.section td{ background:#f7f7f7; font-weight:600; text-align:center; color:#000; }\r\n.muted{ color:var(--muted); }\r\n.bars{ padding:10px 0; }\r\n.bar{ border:1px solid #cfcfcf; background:#fff; padding:8px 10px; margin:8px 0; box-shadow:0 2px 6px rgba(0,0,0,.1); font-weight:700; font-size:14px; border-radius:4px; color:#000; }\r\n.bar table{ width:100%; border-collapse:collapse; font-size:13px; }\r\n.bar table th, .bar table td{ border:1px solid #aaa; padding:3px 5px; line-height:1.2; text-align:left; color:#000; font-weight:600; }\r\n\r\n\/* ---------- RESPONSIVE ---------- *\/\r\n@media (max-width:480px){\r\n  body{ font-size:12px; }\r\n  .topbar h2{ font-size:14px }\r\n  .bar{ font-size:13px; padding:6px 8px; }\r\n  table{ font-size:12px; }\r\n}\r\n@media (max-width:360px){\r\n  body{ font-size:11px; }\r\n  .wrap{ padding:0 4px; }\r\n  table{ font-size:11px; }\r\n  .bar{ font-size:12px; }\r\n}\r\n<\/style>\r\n<\/head>\r\n<body>\r\n<div class=\"wrap\">\r\n  <div class=\"card\">\r\n    <div class=\"topbar\"><h2>Bendra informacija<\/h2><\/div>\r\n    <div class=\"subbar\">Namas 3<\/div>\r\n    <div class=\"table-wrap\">\r\n      <table>\r\n        <tbody>\r\n          <tr><td>Lang\u0173 orientacija*<\/td><td>R, V<\/td><\/tr>\r\n          <tr class=\"section\"><td colspan=\"2\">Plotai<\/td><\/tr>\r\n          <tr><td>Pirmas auk\u0161tas<\/td><td>49.76<\/td><\/tr>\r\n          <tr><td>Antras auk\u0161tas<\/td><td>47.53<\/td><\/tr>\r\n          <tr><td>Bendras plotas<\/td><td>97.29<\/td><\/tr>\r\n          <tr><td>Statusas<\/td><td>Laisvas<\/td><\/tr>\r\n        <\/tbody>\r\n      <\/table>\r\n    <\/div>\r\n    <div style=\"padding:8px; font-size:11px; color:#000;\">* \u0160 \u2013 \u0161iaur\u0117, R \u2013 rytai, V \u2013 vakarai, P \u2013 piet\u016bs<\/div>\r\n  <\/div>\r\n\r\n  <div class=\"bars\">\r\n    <div class=\"bar\">Pirmas auk\u0161tas<\/div>\r\n    <div style=\"padding:6px; background:#fff; border:1px solid #ccc; margin-bottom:8px;\">\r\n      <table>\r\n        <thead>\r\n          <tr><th>Patalpa<\/th><th>Plotas (m\u00b2)<\/th><\/tr>\r\n        <\/thead>\r\n        <tbody>\r\n          <tr><td>Tamb\u016bras<\/td><td>5.98<\/td><\/tr>\r\n          <tr><td>Sand\u0117lis<\/td><td>\u2013<\/td><\/tr>\r\n          <tr><td>San. mazgas<\/td><td>1.75<\/td><\/tr>\r\n          <tr><td>Svetain\u0117 + virtuv\u0117 + valgomasis<\/td><td>42.03<\/td><\/tr>\r\n          <tr><td>I\u0161 viso 1 auk\u0161tas<\/td><td>49.76<\/td><\/tr>\r\n          <tr><td>Bendras plotas<\/td><td>97.29<\/td><\/tr>\r\n        <\/tbody>\r\n      <\/table>\r\n    <\/div>\r\n\r\n    <div class=\"bar\">Antras auk\u0161tas<\/div>\r\n    <div style=\"padding:6px; background:#fff; border:1px solid #ccc;\">\r\n      <table>\r\n        <thead>\r\n          <tr><th>Patalpa<\/th><th>Plotas (m\u00b2)<\/th><\/tr>\r\n        <\/thead>\r\n        <tbody>\r\n          <tr><td>Koridorius<\/td><td>4.47<\/td><\/tr>\r\n          <tr><td>T\u0117v\u0173 miegamasis kambarys<\/td><td>12.49<\/td><\/tr>\r\n          <tr><td>Vonia<\/td><td>5.83<\/td><\/tr>\r\n          <tr><td>Vaiko kambarys<\/td><td>14.01<\/td><\/tr>\r\n          <tr><td>Vaiko kambarys<\/td><td>10.73<\/td><\/tr>\r\n          <tr><td>I\u0161 viso 2 auk\u0161tas<\/td><td>47.53<\/td><\/tr>\r\n          <tr><td>Bendras plotas<\/td><td>97.29<\/td><\/tr>\r\n        <\/tbody>\r\n      <\/table>\r\n    <\/div>\r\n  <\/div>\r\n<\/div>\r\n<\/body>\r\n<\/html>\r\n\t\t\t\t<\/div>\n\t\t\t\t<\/div>\n\t\t<div class=\"elementor-element elementor-element-027ee05 e-con-full e-flex wpr-particle-no wpr-jarallax-no wpr-parallax-no wpr-sticky-section-no e-con e-child\" data-id=\"027ee05\" data-element_type=\"container\">\n\t\t\t\t<div class=\"elementor-element elementor-element-4f448f9 elementor-widget elementor-widget-image\" data-id=\"4f448f9\" data-element_type=\"widget\" data-widget_type=\"image.default\">\n\t\t\t\t\t\t\t\t\t\t\t\t\t\t\t<img fetchpriority=\"high\" decoding=\"async\" width=\"1902\" height=\"1077\" src=\"https:\/\/vakarunamai.lt\/wp-content\/uploads\/2025\/09\/Screenshot-2025-09-12-at-15.01.34-1-e1757775364207.png\" class=\"attachment-full size-full wp-image-1344\" alt=\"\" srcset=\"https:\/\/vakarunamai.lt\/wp-content\/uploads\/2025\/09\/Screenshot-2025-09-12-at-15.01.34-1-e1757775364207.png 1902w, https:\/\/vakarunamai.lt\/wp-content\/uploads\/2025\/09\/Screenshot-2025-09-12-at-15.01.34-1-e1757775364207-300x170.png 300w, https:\/\/vakarunamai.lt\/wp-content\/uploads\/2025\/09\/Screenshot-2025-09-12-at-15.01.34-1-e1757775364207-1024x580.png 1024w, https:\/\/vakarunamai.lt\/wp-content\/uploads\/2025\/09\/Screenshot-2025-09-12-at-15.01.34-1-e1757775364207-768x435.png 768w, https:\/\/vakarunamai.lt\/wp-content\/uploads\/2025\/09\/Screenshot-2025-09-12-at-15.01.34-1-e1757775364207-1536x870.png 1536w\" sizes=\"(max-width: 1902px) 100vw, 1902px\" \/>\t\t\t\t\t\t\t\t\t\t\t\t\t\t\t<\/div>\n\t\t\t\t<div class=\"elementor-element elementor-element-e325ffc elementor-widget elementor-widget-gallery\" data-id=\"e325ffc\" data-element_type=\"widget\" data-settings=\"{&quot;columns&quot;:2,&quot;columns_mobile&quot;:2,&quot;gap&quot;:{&quot;unit&quot;:&quot;px&quot;,&quot;size&quot;:0,&quot;sizes&quot;:[]},&quot;aspect_ratio&quot;:&quot;1:1&quot;,&quot;gallery_layout&quot;:&quot;grid&quot;,&quot;columns_tablet&quot;:2,&quot;gap_tablet&quot;:{&quot;unit&quot;:&quot;px&quot;,&quot;size&quot;:10,&quot;sizes&quot;:[]},&quot;gap_mobile&quot;:{&quot;unit&quot;:&quot;px&quot;,&quot;size&quot;:10,&quot;sizes&quot;:[]},&quot;link_to&quot;:&quot;file&quot;,&quot;overlay_background&quot;:&quot;yes&quot;,&quot;content_hover_animation&quot;:&quot;fade-in&quot;}\" data-widget_type=\"gallery.default\">\n\t\t\t\t\t\t\t<div class=\"elementor-gallery__container\">\n\t\t\t\t\t\t\t<a class=\"e-gallery-item elementor-gallery-item elementor-animated-content\" href=\"https:\/\/vakarunamai.lt\/wp-content\/uploads\/2025\/09\/12.png\" data-elementor-open-lightbox=\"yes\" data-elementor-lightbox-slideshow=\"e325ffc\" data-elementor-lightbox-title=\"1\" data-e-action-hash=\"#elementor-action%3Aaction%3Dlightbox%26settings%3DeyJpZCI6MTcwMywidXJsIjoiaHR0cHM6XC9cL3Zha2FydW5hbWFpLmx0XC93cC1jb250ZW50XC91cGxvYWRzXC8yMDI1XC8wOVwvMTIucG5nIiwic2xpZGVzaG93IjoiZTMyNWZmYyJ9\">\n\t\t\t\t\t<div class=\"e-gallery-image elementor-gallery-item__image\" data-thumbnail=\"https:\/\/vakarunamai.lt\/wp-content\/uploads\/2025\/09\/12.png\" data-width=\"491\" data-height=\"679\" aria-label=\"\" role=\"img\" ><\/div>\n\t\t\t\t\t\t\t\t\t\t\t<div class=\"elementor-gallery-item__overlay\"><\/div>\n\t\t\t\t\t\t\t\t\t\t\t\t\t\t<\/a>\n\t\t\t\t\t\t\t<a class=\"e-gallery-item elementor-gallery-item elementor-animated-content\" href=\"https:\/\/vakarunamai.lt\/wp-content\/uploads\/2025\/09\/Screenshot-2025-09-13-224000-1.png\" data-elementor-open-lightbox=\"yes\" data-elementor-lightbox-slideshow=\"e325ffc\" data-elementor-lightbox-title=\"2\" data-e-action-hash=\"#elementor-action%3Aaction%3Dlightbox%26settings%3DeyJpZCI6MTcwOCwidXJsIjoiaHR0cHM6XC9cL3Zha2FydW5hbWFpLmx0XC93cC1jb250ZW50XC91cGxvYWRzXC8yMDI1XC8wOVwvU2NyZWVuc2hvdC0yMDI1LTA5LTEzLTIyNDAwMC0xLnBuZyIsInNsaWRlc2hvdyI6ImUzMjVmZmMifQ%3D%3D\">\n\t\t\t\t\t<div class=\"e-gallery-image elementor-gallery-item__image\" data-thumbnail=\"https:\/\/vakarunamai.lt\/wp-content\/uploads\/2025\/09\/Screenshot-2025-09-13-224000-1.png\" data-width=\"523\" data-height=\"738\" aria-label=\"\" role=\"img\" ><\/div>\n\t\t\t\t\t\t\t\t\t\t\t<div class=\"elementor-gallery-item__overlay\"><\/div>\n\t\t\t\t\t\t\t\t\t\t\t\t\t\t<\/a>\n\t\t\t\t\t<\/div>\n\t\t\t\t\t<\/div>\n\t\t\t\t<\/div>\n\t\t\t\t\t<\/div>\n\t\t\t\t<\/div>\n\t\t\t\t<\/div>\n\t\t","protected":false},"excerpt":{"rendered":"<p>\u25c4 Gr\u012f\u017eti \u012f pagrindin\u012f puslap\u012f Bendra informacija \u2013 Namas 3 Bendra informacija Namas 3 Lang\u0173 orientacija* R, V Plotai Pirmas auk\u0161tas 49.76 Antras auk\u0161tas 47.53 Bendras plotas 97.29 Statusas Laisvas * \u0160 \u2013 \u0161iaur\u0117, R \u2013 rytai, V \u2013 vakarai, P \u2013 piet\u016bs Pirmas auk\u0161tas Patalpa Plotas (m\u00b2) Tamb\u016bras 5.98 Sand\u0117lis \u2013 San. mazgas 1.75 Svetain\u0117 + virtuv\u0117 + valgomasis 42.03 I\u0161 viso 1 auk\u0161tas 49.76 Bendras plotas 97.29 Antras auk\u0161tas Patalpa Plotas (m\u00b2) Koridorius 4.47 T\u0117v\u0173 miegamasis kambarys 12.49 Vonia 5.83 Vaiko kambarys 14.01 Vaiko kambarys 10.73 I\u0161 viso 2 auk\u0161tas 47.53 Bendras plotas 97.29<\/p>\n","protected":false},"author":1,"featured_media":0,"parent":0,"menu_order":0,"comment_status":"closed","ping_status":"closed","template":"elementor_canvas","meta":{"_acf_changed":false,"site-sidebar-layout":"no-sidebar","site-content-layout":"","ast-site-content-layout":"full-width-container","site-content-style":"default","site-sidebar-style":"default","ast-global-header-display":"","ast-banner-title-visibility":"","ast-main-header-display":"","ast-hfb-above-header-display":"","ast-hfb-below-header-display":"","ast-hfb-mobile-header-display":"","site-post-title":"disabled","ast-breadcrumbs-content":"","ast-featured-img":"disabled","footer-sml-layout":"","theme-transparent-header-meta":"default","adv-header-id-meta":"","stick-header-meta":"","header-above-stick-meta":"","header-main-stick-meta":"","header-below-stick-meta":"","astra-migrate-meta-layouts":"set","ast-page-background-enabled":"default","ast-page-background-meta":{"desktop":{"background-color":"var(--ast-global-color-5)","background-image":"","background-repeat":"repeat","background-position":"center center","background-size":"auto","background-attachment":"scroll","background-type":"","background-media":"","overlay-type":"","overlay-color":"","overlay-opacity":"","overlay-gradient":""},"tablet":{"background-color":"","background-image":"","background-repeat":"repeat","background-position":"center center","background-size":"auto","background-attachment":"scroll","background-type":"","background-media":"","overlay-type":"","overlay-color":"","overlay-opacity":"","overlay-gradient":""},"mobile":{"background-color":"","background-image":"","background-repeat":"repeat","background-position":"center center","background-size":"auto","background-attachment":"scroll","background-type":"","background-media":"","overlay-type":"","overlay-color":"","overlay-opacity":"","overlay-gradient":""}},"ast-content-background-meta":{"desktop":{"background-color":"var(--ast-global-color-4)","background-image":"","background-repeat":"repeat","background-position":"center center","background-size":"auto","background-attachment":"scroll","background-type":"","background-media":"","overlay-type":"","overlay-color":"","overlay-opacity":"","overlay-gradient":""},"tablet":{"background-color":"var(--ast-global-color-4)","background-image":"","background-repeat":"repeat","background-position":"center center","background-size":"auto","background-attachment":"scroll","background-type":"","background-media":"","overlay-type":"","overlay-color":"","overlay-opacity":"","overlay-gradient":""},"mobile":{"background-color":"var(--ast-global-color-4)","background-image":"","background-repeat":"repeat","background-position":"center center","background-size":"auto","background-attachment":"scroll","background-type":"","background-media":"","overlay-type":"","overlay-color":"","overlay-opacity":"","overlay-gradient":""}},"footnotes":""},"class_list":["post-1183","page","type-page","status-publish","hentry"],"acf":[],"_links":{"self":[{"href":"https:\/\/vakarunamai.lt\/index.php?rest_route=\/wp\/v2\/pages\/1183","targetHints":{"allow":["GET"]}}],"collection":[{"href":"https:\/\/vakarunamai.lt\/index.php?rest_route=\/wp\/v2\/pages"}],"about":[{"href":"https:\/\/vakarunamai.lt\/index.php?rest_route=\/wp\/v2\/types\/page"}],"author":[{"embeddable":true,"href":"https:\/\/vakarunamai.lt\/index.php?rest_route=\/wp\/v2\/users\/1"}],"replies":[{"embeddable":true,"href":"https:\/\/vakarunamai.lt\/index.php?rest_route=%2Fwp%2Fv2%2Fcomments&post=1183"}],"version-history":[{"count":100,"href":"https:\/\/vakarunamai.lt\/index.php?rest_route=\/wp\/v2\/pages\/1183\/revisions"}],"predecessor-version":[{"id":1739,"href":"https:\/\/vakarunamai.lt\/index.php?rest_route=\/wp\/v2\/pages\/1183\/revisions\/1739"}],"wp:attachment":[{"href":"https:\/\/vakarunamai.lt\/index.php?rest_route=%2Fwp%2Fv2%2Fmedia&parent=1183"}],"curies":[{"name":"wp","href":"https:\/\/api.w.org\/{rel}","templated":true}]}}